{"id":52,"date":"2020-12-11T13:08:02","date_gmt":"2020-12-11T13:08:02","guid":{"rendered":"https:\/\/wordpress-722045-2402992.cloudwaysapps.com\/?page_id=8"},"modified":"2025-10-21T16:28:28","modified_gmt":"2025-10-21T14:28:28","slug":"blog","status":"publish","type":"page","link":"https:\/\/nocleo.eu\/en\/blog\/","title":{"rendered":"Blog"},"content":{"rendered":"<div data-elementor-type=\"wp-page\" data-elementor-id=\"52\" class=\"elementor elementor-52\">\n\t\t\t\t<div class=\"elementor-element elementor-element-f437452 e-flex e-con-boxed e-con e-parent\" data-id=\"f437452\" data-element_type=\"container\" data-e-type=\"container\">\n\t\t\t\t\t<div class=\"e-con-inner\">\n\t\t\t\t<div class=\"elementor-element elementor-element-0b467a2 elementor-widget elementor-widget-listeo-headline\" data-id=\"0b467a2\" data-element_type=\"widget\" data-e-type=\"widget\" data-widget_type=\"listeo-headline.default\">\n\t\t\t\t<div class=\"elementor-widget-container\">\n\t\t\t\t\t\t\t<h3 \n\t\tstyle=\"text-align:center;\" class=\"headline  headline-aligned-to-center headline-extra-spacing headline-box\"> From The Blog <\/h3>\n\t\t\t\t\t\t<\/div>\n\t\t\t\t<\/div>\n\t\t\t\t<div class=\"elementor-element elementor-element-4904b12 elementor-widget elementor-widget-listeo-posts-grid\" data-id=\"4904b12\" data-element_type=\"widget\" data-e-type=\"widget\" data-widget_type=\"listeo-posts-grid.default\">\n\t\t\t\t<div class=\"elementor-widget-container\">\n\t\t\t\t\t\t\t\n\t\t<div class=\"listeo-post-grid-wrapper\">\n\t\t\t<div class=\"row\">\n\n\t\t\t\n\n\t\t\t\t\t\t\t<div class=\"col-md-4\">\n                <a href=\"https:\/\/nocleo.eu\/en\/2025\/06\/28\/witaj-swiecie\/\" class=\"blog-compact-item-container\">\n                    <div class=\"blog-compact-item\">\n                        <span class=\"blog-item-tag\">Uncategorized<\/span>                        \n                        <div class=\"blog-compact-item-content\">\n                                                        <ul class=\"blog-post-tags\">\n                                <li>\n                                \t<time class=\"entry-date published updated\" datetime=\"2025-06-28T13:22:11+02:00\">2025-06-28<\/time>                    \t\t\t\t\n                    \t\t\t<\/li>\n                            <\/ul>\n                        \t                            <h3>Witaj, \u015bwiecie!<\/h3>\n                                                        <p>Witamy w WordPressie. To jest tw\u00f3j pierwszy wpis. Edytuj go lub usu\u0144, a nast\u0119pnie zacznij...                            <\/p>\n                                                    <\/div>\n                    <\/div>\n                <\/a>\n            <\/div>\n\t\t\t<div class=\"col-md-4\">\n                <a href=\"https:\/\/nocleo.eu\/en\/2019\/02\/01\/experience-in-the-spotlight\/\" class=\"blog-compact-item-container\">\n                    <div class=\"blog-compact-item\">\n                        <span class=\"blog-item-tag\">Tips<\/span>                        \n                        <div class=\"blog-compact-item-content\">\n                                                        <ul class=\"blog-post-tags\">\n                                <li>\n                                \t<time class=\"entry-date published updated\" datetime=\"2019-02-01T00:55:49+01:00\">2019-02-01<\/time>                    \t\t\t\t\n                    \t\t\t<\/li>\n                            <\/ul>\n                        \t                            <h3>Experience In The Spotlight<\/h3>\n                                                        <p>Nam nisl lacus, dignissim ac tristique ut, scelerisque eu massa. Vestibulum ligula nunc, rutrum in...                            <\/p>\n                                                    <\/div>\n                    <\/div>\n                <\/a>\n            <\/div>\n\t\t\t<div class=\"col-md-4\">\n                <a href=\"https:\/\/nocleo.eu\/en\/2019\/01\/22\/7-big-ideas-for-small-places\/\" class=\"blog-compact-item-container\">\n                    <div class=\"blog-compact-item\">\n                        <span class=\"blog-item-tag\">Room Design<\/span>                        \n                        <div class=\"blog-compact-item-content\">\n                                                        <ul class=\"blog-post-tags\">\n                                <li>\n                                \t<time class=\"entry-date published updated\" datetime=\"2019-01-22T00:43:11+01:00\">2019-01-22<\/time>                    \t\t\t\t\n                    \t\t\t<\/li>\n                            <\/ul>\n                        \t                            <h3>7 Big Ideas For Small Places<\/h3>\n                                                        <p>Nam nisl lacus, dignissim ac tristique ut, scelerisque eu massa. Vestibulum ligula nunc, rutrum in...                            <\/p>\n                                                    <\/div>\n                    <\/div>\n                <\/a>\n            <\/div>\n  <\/div>\n        <\/div>\n                <div class=\"col-md-12 centered-content\">\n                <a href=\"https:\/\/nocleo.eu\/en\/2019\/01\/22\/7-big-ideas-for-small-places\/\" class=\"button border margin-top-10\">View Blog<\/a>\n            <\/div>\n        \t\t\t\t<\/div>\n\t\t\t\t<\/div>\n\t\t\t\t\t<\/div>\n\t\t\t\t<\/div>\n\t\t<div class=\"elementor-element elementor-element-7902127 e-flex e-con-boxed e-con e-parent\" data-id=\"7902127\" data-element_type=\"container\" data-e-type=\"container\">\n\t\t\t\t\t<div class=\"e-con-inner\">\n\t\t\t\t\t<\/div>\n\t\t\t\t<\/div>\n\t\t\t\t<\/div>","protected":false},"excerpt":{"rendered":"<p>From The Blog Bez kategorii 2025-06-28 Witaj, \u015bwiecie! Witamy w WordPressie. To jest tw\u00f3j pierwszy wpis. Edytuj go lub usu\u0144, a nast\u0119pnie zacznij&#8230; Tips 2019-02-01 Experience In The Spotlight Nam nisl lacus, dignissim ac tristique ut, scelerisque eu massa. Vestibulum ligula nunc, rutrum in&#8230; Room Design 2019-01-22 7 Big Ideas For Small Places Nam nisl [&hellip;]<\/p>\n","protected":false},"author":1,"featured_media":0,"parent":0,"menu_order":0,"comment_status":"closed","ping_status":"closed","template":"","meta":{"footnotes":""},"class_list":["post-52","page","type-page","status-publish","hentry"],"_links":{"self":[{"href":"https:\/\/nocleo.eu\/en\/wp-json\/wp\/v2\/pages\/52","targetHints":{"allow":["GET"]}}],"collection":[{"href":"https:\/\/nocleo.eu\/en\/wp-json\/wp\/v2\/pages"}],"about":[{"href":"https:\/\/nocleo.eu\/en\/wp-json\/wp\/v2\/types\/page"}],"author":[{"embeddable":true,"href":"https:\/\/nocleo.eu\/en\/wp-json\/wp\/v2\/users\/1"}],"replies":[{"embeddable":true,"href":"https:\/\/nocleo.eu\/en\/wp-json\/wp\/v2\/comments?post=52"}],"version-history":[{"count":6,"href":"https:\/\/nocleo.eu\/en\/wp-json\/wp\/v2\/pages\/52\/revisions"}],"predecessor-version":[{"id":347,"href":"https:\/\/nocleo.eu\/en\/wp-json\/wp\/v2\/pages\/52\/revisions\/347"}],"wp:attachment":[{"href":"https:\/\/nocleo.eu\/en\/wp-json\/wp\/v2\/media?parent=52"}],"curies":[{"name":"wp","href":"https:\/\/api.w.org\/{rel}","templated":true}]}}